{"id":802,"date":"2013-04-30T10:39:25","date_gmt":"2013-04-30T10:39:25","guid":{"rendered":"http:\/\/www.loginlasertag.pt\/?page_id=802"},"modified":"2013-04-30T10:39:25","modified_gmt":"2013-04-30T10:39:25","slug":"festas-de-aniversario-infantil","status":"publish","type":"page","link":"http:\/\/www.loginlasertag.pt\/eng\/?page_id=802","title":{"rendered":"Festas de Anivers\u00e1rio Infantil"},"content":{"rendered":"<p><img loading=\"lazy\" decoding=\"async\" class=\"alignnone size-medium wp-image-810\" alt=\"convite\" src=\"http:\/\/www.loginlasertag.pt\/wp-content\/uploads\/2013\/04\/convite-300x300.jpg\" width=\"210\" height=\"210\" srcset=\"http:\/\/www.loginlasertag.pt\/eng\/wp-content\/uploads\/2013\/04\/convite-300x300.jpg 300w, http:\/\/www.loginlasertag.pt\/eng\/wp-content\/uploads\/2013\/04\/convite-150x150.jpg 150w, http:\/\/www.loginlasertag.pt\/eng\/wp-content\/uploads\/2013\/04\/convite-1024x1020.jpg 1024w, http:\/\/www.loginlasertag.pt\/eng\/wp-content\/uploads\/2013\/04\/convite.jpg 1653w\" sizes=\"auto, (max-width: 210px) 100vw, 210px\" \/>\u00a0\u00a0\u00a0\u00a0\u00a0\u00a0\u00a0 \u00a0\u00a0 \u00a0\u00a0\u00a0\u00a0 <img loading=\"lazy\" decoding=\"async\" class=\"alignnone size-medium wp-image-823\" alt=\"Menu_Anivers\u00e1rio_2\" src=\"http:\/\/www.loginlasertag.pt\/wp-content\/uploads\/2013\/04\/Menu_Anivers\u00e1rio_Infantil-300x212.jpg\" width=\"300\" height=\"212\" \/><\/p>\n<p><a href=\"http:\/\/www.loginlasertag.pt\/wp-content\/uploads\/2013\/04\/Convite-Login.pdf\" target=\"_blank\">\u00a0\u00a0\u00a0\u00a0\u00a0\u00a0\u00a0 Veja o convite aqui\u00a0<\/a> \u00a0\u00a0\u00a0\u00a0\u00a0\u00a0\u00a0\u00a0\u00a0\u00a0\u00a0\u00a0\u00a0\u00a0\u00a0\u00a0\u00a0\u00a0\u00a0\u00a0\u00a0\u00a0\u00a0\u00a0\u00a0\u00a0\u00a0\u00a0\u00a0\u00a0\u00a0\u00a0\u00a0\u00a0\u00a0\u00a0\u00a0\u00a0\u00a0\u00a0\u00a0\u00a0\u00a0\u00a0\u00a0\u00a0\u00a0\u00a0\u00a0\u00a0<a href=\"http:\/\/www.loginlasertag.pt\/wp-content\/uploads\/2013\/04\/Menu_Anivers\u00e1rio_Infantil1.pdf\" target=\"_blank\"> Veja o menu aqui<\/a><\/p>\n<p><a href=\"http:\/\/www.loginlasertag.pt\/wp-content\/uploads\/2013\/04\/Menus-Login-Laser-Tag.zip\">\u00a0\u00a0\u00a0\u00a0\u00a0\u00a0\u00a0\u00a0\u00a0\u00a0\u00a0\u00a0\u00a0\u00a0\u00a0\u00a0\u00a0\u00a0\u00a0\u00a0\u00a0\u00a0\u00a0\u00a0\u00a0\u00a0\u00a0\u00a0\u00a0\u00a0\u00a0 \u00a0 \u00a0\u00a0 Pode fazer o download dos Menus Aqui<\/a><\/p>\n<p>&nbsp;<\/p>\n<p>INFORMA\u00c7\u00c3O IMPORTANTE<\/p>\n<p><em id=\"__mceDel\">Dois dias antes da sua festa de anivers\u00e1rio ou evento entraremos em contacto consigo para confirmar o n\u00famero final de convidados. O n\u00famero que confirmar ser\u00e1 o n\u00famero de menus fornecidos. Por cada desist\u00eancia no dia da festa ou evento ter\u00e1 que pagar 5 euros. Ser\u00e1 sempre cobrado o n\u00famero m\u00ednimo de convidados definido para essa festa ou evento. Os convites s\u00e3o gratuitos e podem ser levantados na recep\u00e7\u00e3o do nosso espa\u00e7o ou adquiridos no nosso site atrav\u00e9s de download.<\/em><\/p>\n<p><em id=\"__mceDel\">N\u00e3o \u00e9 permitido trazer bebidas e comida de fora (excepto o bolo no caso de festa de anivers\u00e1rio).<br \/>\nA pontualidade \u00e9 importante; marque com os convidados 15 minutos antes da hora realmente marcada.<\/em><\/p>\n","protected":false},"excerpt":{"rendered":"<p>\u00a0\u00a0\u00a0\u00a0\u00a0\u00a0\u00a0 \u00a0\u00a0 \u00a0\u00a0\u00a0\u00a0 \u00a0\u00a0\u00a0\u00a0\u00a0\u00a0\u00a0 Veja o convite aqui\u00a0 \u00a0\u00a0\u00a0\u00a0\u00a0\u00a0\u00a0\u00a0\u00a0\u00a0\u00a0\u00a0\u00a0\u00a0\u00a0\u00a0\u00a0\u00a0\u00a0\u00a0\u00a0\u00a0\u00a0\u00a0\u00a0\u00a0\u00a0\u00a0\u00a0\u00a0\u00a0\u00a0\u00a0\u00a0\u00a0\u00a0\u00a0\u00a0\u00a0\u00a0\u00a0\u00a0\u00a0\u00a0\u00a0\u00a0\u00a0\u00a0\u00a0\u00a0 Veja o menu aqui \u00a0\u00a0\u00a0\u00a0\u00a0\u00a0\u00a0\u00a0\u00a0\u00a0\u00a0\u00a0\u00a0\u00a0\u00a0\u00a0\u00a0\u00a0\u00a0\u00a0\u00a0\u00a0\u00a0\u00a0\u00a0\u00a0\u00a0\u00a0\u00a0\u00a0\u00a0 \u00a0 \u00a0\u00a0 Pode fazer o download dos Menus Aqui &nbsp; INFORMA\u00c7\u00c3O IMPORTANTE Dois dias antes da sua festa de anivers\u00e1rio ou evento entraremos em contacto consigo para confirmar o n\u00famero final de convidados. O n\u00famero que confirmar ser\u00e1 o n\u00famero de&#8230;<\/p>\n","protected":false},"author":1,"featured_media":0,"parent":0,"menu_order":0,"comment_status":"open","ping_status":"open","template":"","meta":{"footnotes":""},"class_list":["post-802","page","type-page","status-publish","hentry"],"_links":{"self":[{"href":"http:\/\/www.loginlasertag.pt\/eng\/index.php?rest_route=\/wp\/v2\/pages\/802","targetHints":{"allow":["GET"]}}],"collection":[{"href":"http:\/\/www.loginlasertag.pt\/eng\/index.php?rest_route=\/wp\/v2\/pages"}],"about":[{"href":"http:\/\/www.loginlasertag.pt\/eng\/index.php?rest_route=\/wp\/v2\/types\/page"}],"author":[{"embeddable":true,"href":"http:\/\/www.loginlasertag.pt\/eng\/index.php?rest_route=\/wp\/v2\/users\/1"}],"replies":[{"embeddable":true,"href":"http:\/\/www.loginlasertag.pt\/eng\/index.php?rest_route=%2Fwp%2Fv2%2Fcomments&post=802"}],"version-history":[{"count":0,"href":"http:\/\/www.loginlasertag.pt\/eng\/index.php?rest_route=\/wp\/v2\/pages\/802\/revisions"}],"wp:attachment":[{"href":"http:\/\/www.loginlasertag.pt\/eng\/index.php?rest_route=%2Fwp%2Fv2%2Fmedia&parent=802"}],"curies":[{"name":"wp","href":"https:\/\/api.w.org\/{rel}","templated":true}]}}