{"id":3136,"date":"2022-02-16T20:07:27","date_gmt":"2022-02-16T20:07:27","guid":{"rendered":"https:\/\/www.loginlasertag.pt\/?page_id=3136"},"modified":"2025-03-23T17:24:34","modified_gmt":"2025-03-23T17:24:34","slug":"faqss","status":"publish","type":"page","link":"https:\/\/www.loginlasertag.pt\/?page_id=3136","title":{"rendered":"FAQS"},"content":{"rendered":"<h3 class=\"wp-block-heading\" id=\"1-o-que-e-o-laser-tag\"><mark style=\"background-color:rgba(0, 0, 0, 0)\" class=\"has-inline-color has-vivid-purple-color\">1- O que \u00e9 o Laser Tag?<\/mark><\/h3>\n<p>O Laser Tag \u00e9 um jogo de estrat\u00e9gia que recorre \u00e0 \u00faltima gera\u00e7\u00e3o tecnol\u00f3gica wireless.<br \/>O Laser Tag \u00e9 semelhante ao Paintball, mas sem tinta, sem dor, sem roupa \u201cmanchada\u201d e sem equipamento especial de protec\u00e7\u00e3o.<\/p>\n<h3 class=\"wp-block-heading\" id=\"2-todas-as-pessoas-podem-jogar-laser-tag\"><strong><mark style=\"background-color:rgba(0, 0, 0, 0)\" class=\"has-inline-color has-vivid-purple-color\">2- Todas as pessoas podem jogar Laser Tag?<\/mark><\/strong><\/h3>\n<p>Aqueles com as seguintes condi\u00e7\u00f5es m\u00e9dicas devem ter cuidado, se jogarem:<br \/>asma, problemas de cora\u00e7\u00e3o, problemas nas costas, ataques epil\u00e9pticos, historial de luxa\u00e7\u00e3o, gravidez<br \/>e outras condi\u00e7\u00f5es pr\u00e9-existentes que poder\u00e3o ser agravadas.<\/p>\n<h3 class=\"wp-block-heading\" id=\"3-existe-idade-minima-para-se-poder-jogar-laser-tag\"><strong><mark style=\"background-color:rgba(0, 0, 0, 0)\" class=\"has-inline-color has-vivid-purple-color\">3- Existe idade m\u00ednima para se poder jogar Laser Tag?<\/mark><\/strong><\/h3>\n<p>A partir dos 6 anos de idade.<\/p>\n<h3 class=\"wp-block-heading\" id=\"4-pode-se-jogar-laser-tag-todos-os-dias\"><strong><mark style=\"background-color:rgba(0, 0, 0, 0)\" class=\"has-inline-color has-vivid-purple-color\">4- Pode-se jogar Laser Tag todos os dias?<\/mark><\/strong><\/h3>\n<p>Pode-se jogar dentro do hor\u00e1rio de funcionamento mediante reserva.<br \/>Cada jogo tem a dura\u00e7\u00e3o de 12 min.<\/p>\n<h3 class=\"wp-block-heading\" id=\"5-as-maquinas-de-arcade-pagam-se-com-moedas-ou-fichas\"><strong><mark style=\"background-color:rgba(0, 0, 0, 0)\" class=\"has-inline-color has-vivid-purple-color\">5- As m\u00e1quinas de Arcade pagam-se com moedas ou fichas?<\/mark><\/strong><\/h3>\n<p>As nossas m\u00e1quinas funcionam com moedas.<\/p>\n<h3 class=\"wp-block-heading\" id=\"6-quantas-pessoas-ao-mesmo-tempo-podem-jogar-laser-tag\"><strong><mark style=\"background-color:rgba(0, 0, 0, 0)\" class=\"has-inline-color has-vivid-purple-color\">6- Quantas pessoas ao mesmo tempo podem jogar Laser Tag?<\/mark><\/strong><\/h3>\n<p>Podem jogar ao mesmo tempo 20 pessoas no m\u00e1ximo, 2 equipas de 10 pessoas, por ex.<\/p>\n<p>Por isso em teoria n\u00e3o h\u00e1 n\u00ba m\u00e1ximo de participantes. Se forem mais de 20 participantes, fazem-se v\u00e1rias equipas e revezam-se a jogar tipo torneio.<\/p>\n<h3 class=\"wp-block-heading\" id=\"7-qual-e-o-minimo-de-jogadores-para-jogar-laser-tag\"><strong><mark style=\"background-color:rgba(0, 0, 0, 0)\" class=\"has-inline-color has-vivid-purple-color\">7- Qual \u00e9 o m\u00ednimo de jogadores para jogar Laser Tag?<\/mark><\/strong><\/h3>\n<p>De Quarta a Sexta o m\u00ednimo \u00e9 de 6 jogadores, S\u00e1bado e Domingo o m\u00ednimo \u00e9 de 8 jogadores, mas pode ser jogado por grupo de n\u00famero inferior ainda que tenha que ser pago o valor referente a 6 jogadores por jogo de Quarta a Sexta ou 8 jogadores ao S\u00e1bado e Domingo.<\/p>\n<h3 class=\"wp-block-heading\" id=\"8-na-minha-festa-de-aniversario-posso-levar-o-meu-bolo-de-anos\"><strong><mark style=\"background-color:rgba(0, 0, 0, 0)\" class=\"has-inline-color has-vivid-purple-color\">8- Na minha festa de anivers\u00e1rio posso levar o meu bolo de anos?<\/mark><\/strong><\/h3>\n<p>Sim, \u00e9 poss\u00edvel o aniversariante trazer o seu&nbsp;pr\u00f3prio bolo.<\/p>\n<h3 class=\"wp-block-heading\" id=\"9-como-posso-fazer-a-reserva-da-minha-festa-de-aniversario-ou-evento\"><strong><mark style=\"background-color:rgba(0, 0, 0, 0)\" class=\"has-inline-color has-vivid-purple-color\">9- Como posso fazer a reserva da minha festa de anivers\u00e1rio ou evento?<\/mark><\/strong><\/h3>\n<p>Atrav\u00e9s dos nossos telefones, email ou ainda&nbsp;preenchendo o formul\u00e1rio de reserva que se encontra na nossa p\u00e1gina online.<\/p>\n<p>Em caso de cancelamento ou adiamento da data da reserva, a sinaliza\u00e7\u00e3o n\u00e3o ser\u00e1 devolvida.<\/p>\n<p><strong><mark style=\"background-color:rgba(0, 0, 0, 0)\" class=\"has-inline-color has-vivid-purple-color\">10- \u00c9 preciso pagar algum tipo de sinal para fazer a reserva de festa de anivers\u00e1rio ou evento?<\/mark><\/strong><\/p>\n<p>Sim, \u00e9 necess\u00e1rio o pagamento de um sinal. A partir do momento em que a reserva fica feita, aguardamos o pagamento desse sinal e o envio do respetivo comprovativo.<\/p>\n<p>Em caso de cancelamento ou adiamento da data da reserva, a sinaliza\u00e7\u00e3o n\u00e3o ser\u00e1 devolvida.<\/p>\n<h3 class=\"wp-block-heading\" id=\"11-o-que-e-a-arena-login-laser-tag\"><strong><mark style=\"background-color:rgba(0, 0, 0, 0)\" class=\"has-inline-color has-vivid-purple-color\">11- O que \u00e9 a Arena Login Laser Tag? &nbsp;<\/mark><\/strong><\/h3>\n<p>A Arena Login Laser tag \u00e9 uma arena de Laser Tag onde se realiza festa\/eventos para crian\u00e7as e adultos.<\/p>\n<h3 class=\"wp-block-heading\" id=\"12-a-arena-login-laser-tag-tem-monitores-babysitter-para-cuidar-e-vigiar-das-criancas\"><strong><mark style=\"background-color:rgba(0, 0, 0, 0)\" class=\"has-inline-color has-vivid-purple-color\">12- A Arena Login Laser Tag tem monitores\/babysitter para cuidar e vigiar das crian\u00e7as?<\/mark><\/strong><\/h3>\n<p>O espa\u00e7o LOGIN LASER TAG s\u00f3 disponibiliza monitores para acompanhamento dos grupos dentro na arena de jogo, n\u00e3o nos responsabilizamos nem facultamos acompanhamento de crian\u00e7as ou adultos fora da arena de jogos.<\/p>\n<h3 class=\"wp-block-heading\" id=\"13-o-login-laser-tag-de-carnaxide-nao-se-responsabiliza-pelos-bens-pessoais-dos-aniversariantes-e-seus-convidados-encarregados-de-educacao-ou-monitores-em-caso-de-perda-dano-ou-roubo\"><strong><mark style=\"background-color:rgba(0, 0, 0, 0)\" class=\"has-inline-color has-vivid-purple-color\">13- O Login Laser Tag de Carnaxide n\u00e3o se responsabiliza pelos bens pessoais dos aniversariantes e seus convidados, Encarregados de Educa\u00e7\u00e3o ou Monitores em caso de perda, dano ou roubo.<\/mark><\/strong><\/h3>\n","protected":false},"excerpt":{"rendered":"<p>1- O que \u00e9 o Laser Tag? O Laser Tag \u00e9 um jogo de estrat\u00e9gia que recorre \u00e0 \u00faltima gera\u00e7\u00e3o tecnol\u00f3gica wireless.O Laser Tag \u00e9 semelhante ao Paintball, mas sem tinta, sem dor, sem roupa \u201cmanchada\u201d e sem equipamento especial de protec\u00e7\u00e3o. 2- Todas as pessoas podem jogar Laser Tag? Aqueles com as seguintes condi\u00e7\u00f5es&#8230;<\/p>\n","protected":false},"author":1,"featured_media":0,"parent":0,"menu_order":0,"comment_status":"closed","ping_status":"closed","template":"","meta":{"footnotes":""},"class_list":["post-3136","page","type-page","status-publish","hentry"],"jetpack_shortlink":"https:\/\/wp.me\/P3F7c0-OA","jetpack_sharing_enabled":true,"_links":{"self":[{"href":"https:\/\/www.loginlasertag.pt\/index.php?rest_route=\/wp\/v2\/pages\/3136","targetHints":{"allow":["GET"]}}],"collection":[{"href":"https:\/\/www.loginlasertag.pt\/index.php?rest_route=\/wp\/v2\/pages"}],"about":[{"href":"https:\/\/www.loginlasertag.pt\/index.php?rest_route=\/wp\/v2\/types\/page"}],"author":[{"embeddable":true,"href":"https:\/\/www.loginlasertag.pt\/index.php?rest_route=\/wp\/v2\/users\/1"}],"replies":[{"embeddable":true,"href":"https:\/\/www.loginlasertag.pt\/index.php?rest_route=%2Fwp%2Fv2%2Fcomments&post=3136"}],"version-history":[{"count":8,"href":"https:\/\/www.loginlasertag.pt\/index.php?rest_route=\/wp\/v2\/pages\/3136\/revisions"}],"predecessor-version":[{"id":3360,"href":"https:\/\/www.loginlasertag.pt\/index.php?rest_route=\/wp\/v2\/pages\/3136\/revisions\/3360"}],"wp:attachment":[{"href":"https:\/\/www.loginlasertag.pt\/index.php?rest_route=%2Fwp%2Fv2%2Fmedia&parent=3136"}],"curies":[{"name":"wp","href":"https:\/\/api.w.org\/{rel}","templated":true}]}}