{"id":3252,"date":"2023-09-15T09:44:22","date_gmt":"2023-09-15T08:44:22","guid":{"rendered":"https:\/\/www.loginlasertag.pt\/?page_id=3252"},"modified":"2023-09-15T10:15:36","modified_gmt":"2023-09-15T09:15:36","slug":"laser-tag","status":"publish","type":"page","link":"https:\/\/www.loginlasertag.pt\/?page_id=3252","title":{"rendered":"Laser Tag"},"content":{"rendered":"<p style=\"text-align: center;\"><img data-recalc-dims=\"1\" loading=\"lazy\" decoding=\"async\" class=\" wp-image-713 alignleft\" src=\"https:\/\/i0.wp.com\/www.loginlasertag.pt\/wp-content\/uploads\/2013\/04\/Login-13-02-2013-28.jpg?resize=397%2C264&#038;ssl=1\" alt=\"\" width=\"397\" height=\"264\" srcset=\"https:\/\/i0.wp.com\/www.loginlasertag.pt\/wp-content\/uploads\/2013\/04\/Login-13-02-2013-28.jpg?resize=300%2C200&amp;ssl=1 300w, https:\/\/i0.wp.com\/www.loginlasertag.pt\/wp-content\/uploads\/2013\/04\/Login-13-02-2013-28.jpg?resize=1024%2C682&amp;ssl=1 1024w, https:\/\/i0.wp.com\/www.loginlasertag.pt\/wp-content\/uploads\/2013\/04\/Login-13-02-2013-28.jpg?w=1920&amp;ssl=1 1920w\" sizes=\"auto, (max-width: 397px) 100vw, 397px\" \/>Numa arena de 300 m2, a maior de Portugal e Espanha, e uma das maiores da Europa, vai poder viver uma experi\u00eancia \u00fanica de adrenalina e emo\u00e7\u00e3o ao jogar Laser Tag num cen\u00e1rio que nos transporta para outra Gal\u00e1xia e Dimens\u00e3o\u2026!<\/p>\n<p>\u00a0\u00a0\u00a0\u00a0\u00a0\u00a0\u00a0\u00a0\u00a0\u00a0 <img data-recalc-dims=\"1\" loading=\"lazy\" decoding=\"async\" class=\"wp-image-811 alignnone\" src=\"https:\/\/i0.wp.com\/www.loginlasertag.pt\/wp-content\/uploads\/2012\/08\/Certificado-Lasermaxx.jpg?resize=113%2C150&#038;ssl=1\" alt=\"\" width=\"113\" height=\"150\" \/>\u00a0 \u00a0 <img data-recalc-dims=\"1\" loading=\"lazy\" decoding=\"async\" class=\"alignnone size-full wp-image-3263\" src=\"https:\/\/i0.wp.com\/www.loginlasertag.pt\/wp-content\/uploads\/2023\/09\/lasermaxx-lasertag-small-1.gif?resize=210%2C118&#038;ssl=1\" alt=\"\" width=\"210\" height=\"118\" \/><\/p>\n<p style=\"text-align: center;\"><span style=\"color: #ff9900;\"><a style=\"color: #ff9900;\" href=\"https:\/\/www.loginlasertag.pt\/wp-content\/uploads\/2012\/08\/Certificado-Lasermaxx.pdf\">Certificado Lasermaxx<\/a><\/span><\/p>\n<p>De Quarta a Sexta o m\u00ednimo \u00e9 de 6 jogadores, S\u00e1bado e Domingo o m\u00ednimo \u00e9 de 8 jogadores, mas pode ser jogado por grupo de n\u00famero inferior ainda que tenha que ser pago o valor referente a 6 jogadores por jogo de Quarta a Sexta ou 8 jogadores ao S\u00e1bado e Domingo.<\/p><\/p>\n","protected":false},"excerpt":{"rendered":"<p>Numa arena de 300 m2, a maior de Portugal e Espanha, e uma das maiores da Europa, vai poder viver uma experi\u00eancia \u00fanica de adrenalina e emo\u00e7\u00e3o ao jogar Laser Tag num cen\u00e1rio que nos transporta para outra Gal\u00e1xia e Dimens\u00e3o\u2026! \u00a0\u00a0\u00a0\u00a0\u00a0\u00a0\u00a0\u00a0\u00a0\u00a0 \u00a0 \u00a0 Certificado Lasermaxx De Quarta a Sexta o m\u00ednimo \u00e9 de 6&#8230;<\/p>\n","protected":false},"author":1,"featured_media":0,"parent":0,"menu_order":0,"comment_status":"closed","ping_status":"closed","template":"","meta":{"jetpack_post_was_ever_published":false,"footnotes":""},"class_list":["post-3252","page","type-page","status-publish","hentry"],"jetpack_shortlink":"https:\/\/wp.me\/P3F7c0-Qs","jetpack_sharing_enabled":true,"_links":{"self":[{"href":"https:\/\/www.loginlasertag.pt\/index.php?rest_route=\/wp\/v2\/pages\/3252","targetHints":{"allow":["GET"]}}],"collection":[{"href":"https:\/\/www.loginlasertag.pt\/index.php?rest_route=\/wp\/v2\/pages"}],"about":[{"href":"https:\/\/www.loginlasertag.pt\/index.php?rest_route=\/wp\/v2\/types\/page"}],"author":[{"embeddable":true,"href":"https:\/\/www.loginlasertag.pt\/index.php?rest_route=\/wp\/v2\/users\/1"}],"replies":[{"embeddable":true,"href":"https:\/\/www.loginlasertag.pt\/index.php?rest_route=%2Fwp%2Fv2%2Fcomments&post=3252"}],"version-history":[{"count":10,"href":"https:\/\/www.loginlasertag.pt\/index.php?rest_route=\/wp\/v2\/pages\/3252\/revisions"}],"predecessor-version":[{"id":3271,"href":"https:\/\/www.loginlasertag.pt\/index.php?rest_route=\/wp\/v2\/pages\/3252\/revisions\/3271"}],"wp:attachment":[{"href":"https:\/\/www.loginlasertag.pt\/index.php?rest_route=%2Fwp%2Fv2%2Fmedia&parent=3252"}],"curies":[{"name":"wp","href":"https:\/\/api.w.org\/{rel}","templated":true}]}}