{"id":9,"date":"2012-08-11T13:27:01","date_gmt":"2012-08-11T12:27:01","guid":{"rendered":"http:\/\/demos.themecatcher.net\/storm-wordpress\/?page_id=2"},"modified":"2026-04-08T14:02:08","modified_gmt":"2026-04-08T13:02:08","slug":"home","status":"publish","type":"page","link":"https:\/\/www.loginlasertag.pt\/","title":{"rendered":"Home"},"content":{"rendered":"<h1 style=\"text-align: center;\">LOGIN LASER TAG<\/h1>\n<h2 style=\"text-align: center;\"><span style=\"color: #ffffff;\">A Maior Arena de Laser Tag<\/span><br \/><span style=\"color: #ffffff;\">de Portugal e Espanha<\/span><\/h2>\n<h3 style=\"text-align: center;\"><span style=\"color: #ff0000;\"><a title=\"Login Laser Tag\" href=\"http:\/\/www.loginlasertag.pt\/eng\" target=\"_blank\" rel=\"noopener noreferrer\"><span style=\"color: #ff0000;\">Click Here For English Version<\/span><\/a><\/span><\/h3>\n<p style=\"text-align: center;\"><span style=\"color: #00ffff;\"><span style=\"color: #ff9900;\">De Quarta<\/span> <span style=\"color: #ff9900;\">a Sexta o<\/span> <span style=\"color: #ff9900;\">m\u00ednimo \u00e9 de 6 jogadores <\/span><\/span><\/p>\n<p style=\"text-align: center;\"><span style=\"color: #ff9900;\">S\u00e1bado e Domingo o m\u00ednimo \u00e9 de 8 jogadores<\/span><\/p>\n<p style=\"text-align: center;\">O Hor\u00e1rio do LOGIN LASER TAG<br \/>\u00e9 o seguinte:<br \/>Segunda e Ter\u00e7a &#8211; Fechados<br \/>Quarta e Quinta &#8211; 17h &#8211; 22h<br \/>Sexta &#8211; 17h &#8211; 23h<br \/>S\u00e1bado 10h &#8211; 20h<br \/>Domingo\u00a010h &#8211; 20h<\/p>\n<p style=\"text-align: center;\">\u00a0<\/p><\/p>\n","protected":false},"excerpt":{"rendered":"<p>LOGIN LASER TAG A Maior Arena de Laser Tagde Portugal e Espanha Click Here For English Version De Quarta a Sexta o m\u00ednimo \u00e9 de 6 jogadores S\u00e1bado e Domingo o m\u00ednimo \u00e9 de 8 jogadores O Hor\u00e1rio do LOGIN LASER TAG\u00e9 o seguinte:Segunda e Ter\u00e7a &#8211; FechadosQuarta e Quinta &#8211; 17h &#8211; 22hSexta &#8211;&#8230;<\/p>\n","protected":false},"author":1,"featured_media":0,"parent":0,"menu_order":0,"comment_status":"closed","ping_status":"closed","template":"template-left-note-block.php","meta":{"footnotes":""},"class_list":["post-9","page","type-page","status-publish","hentry"],"jetpack_shortlink":"https:\/\/wp.me\/P3F7c0-9","jetpack_sharing_enabled":false,"_links":{"self":[{"href":"https:\/\/www.loginlasertag.pt\/index.php?rest_route=\/wp\/v2\/pages\/9","targetHints":{"allow":["GET"]}}],"collection":[{"href":"https:\/\/www.loginlasertag.pt\/index.php?rest_route=\/wp\/v2\/pages"}],"about":[{"href":"https:\/\/www.loginlasertag.pt\/index.php?rest_route=\/wp\/v2\/types\/page"}],"author":[{"embeddable":true,"href":"https:\/\/www.loginlasertag.pt\/index.php?rest_route=\/wp\/v2\/users\/1"}],"replies":[{"embeddable":true,"href":"https:\/\/www.loginlasertag.pt\/index.php?rest_route=%2Fwp%2Fv2%2Fcomments&post=9"}],"version-history":[{"count":122,"href":"https:\/\/www.loginlasertag.pt\/index.php?rest_route=\/wp\/v2\/pages\/9\/revisions"}],"predecessor-version":[{"id":3384,"href":"https:\/\/www.loginlasertag.pt\/index.php?rest_route=\/wp\/v2\/pages\/9\/revisions\/3384"}],"wp:attachment":[{"href":"https:\/\/www.loginlasertag.pt\/index.php?rest_route=%2Fwp%2Fv2%2Fmedia&parent=9"}],"curies":[{"name":"wp","href":"https:\/\/api.w.org\/{rel}","templated":true}]}}